{"id":41,"date":"2024-01-08T20:03:27","date_gmt":"2024-01-08T19:03:27","guid":{"rendered":"https:\/\/dev.newcycle.de\/?page_id=41"},"modified":"2025-03-28T11:23:19","modified_gmt":"2025-03-28T10:23:19","slug":"home","status":"publish","type":"page","link":"https:\/\/newcycle.de\/de\/","title":{"rendered":"Home"},"content":{"rendered":"<div data-elementor-type=\"wp-page\" data-elementor-id=\"41\" class=\"elementor elementor-41\" data-elementor-post-type=\"page\">\n\t\t\t\t<div class=\"elementor-element elementor-element-76b9aec e-flex e-con-boxed e-con e-parent\" data-id=\"76b9aec\" data-element_type=\"container\" data-settings=\"{&quot;background_background&quot;:&quot;classic&quot;,&quot;content_width&quot;:&quot;boxed&quot;}\" data-core-v316-plus=\"true\">\n\t\t\t\t\t<div class=\"e-con-inner\">\n\t\t\t\t\t<\/div>\n\t\t\t\t<\/div>\n\t\t<div class=\"elementor-element elementor-element-e879fe9 e-flex e-con-boxed e-con e-parent\" data-id=\"e879fe9\" data-element_type=\"container\" data-settings=\"{&quot;content_width&quot;:&quot;boxed&quot;}\" data-core-v316-plus=\"true\">\n\t\t\t\t\t<div class=\"e-con-inner\">\n\t\t\t\t<div class=\"elementor-element elementor-element-6c6d585 de_scroll_animation_no elementor-widget elementor-widget-image\" data-id=\"6c6d585\" data-element_type=\"widget\" data-widget_type=\"image.default\">\n\t\t\t\t<div class=\"elementor-widget-container\">\n\t\t\t<style>\/*! elementor - v3.19.0 - 28-02-2024 *\/\n.elementor-widget-image{text-align:center}.elementor-widget-image a{display:inline-block}.elementor-widget-image a img[src$=\".svg\"]{width:48px}.elementor-widget-image img{vertical-align:middle;display:inline-block}<\/style>\t\t\t\t\t\t\t\t\t\t<img decoding=\"async\" width=\"501\" height=\"9\" src=\"https:\/\/newcycle.de\/wp-content\/uploads\/2024\/01\/made_in_germany2.webp\" class=\"attachment-large size-large wp-image-423\" alt=\"\" srcset=\"https:\/\/newcycle.de\/wp-content\/uploads\/2024\/01\/made_in_germany2.webp 501w, https:\/\/newcycle.de\/wp-content\/uploads\/2024\/01\/made_in_germany2-300x5.webp 300w\" sizes=\"(max-width: 501px) 100vw, 501px\" \/>\t\t\t\t\t\t\t\t\t\t\t\t\t<\/div>\n\t\t\t\t<\/div>\n\t\t\t\t<div class=\"elementor-element elementor-element-bd844fc de_scroll_animation_no elementor-widget elementor-widget-heading\" data-id=\"bd844fc\" data-element_type=\"widget\" data-widget_type=\"heading.default\">\n\t\t\t\t<div class=\"elementor-widget-container\">\n\t\t\t<style>\/*! elementor - v3.19.0 - 28-02-2024 *\/\n.elementor-heading-title{padding:0;margin:0;line-height:1}.elementor-widget-heading .elementor-heading-title[class*=elementor-size-]>a{color:inherit;font-size:inherit;line-height:inherit}.elementor-widget-heading .elementor-heading-title.elementor-size-small{font-size:15px}.elementor-widget-heading .elementor-heading-title.elementor-size-medium{font-size:19px}.elementor-widget-heading .elementor-heading-title.elementor-size-large{font-size:29px}.elementor-widget-heading .elementor-heading-title.elementor-size-xl{font-size:39px}.elementor-widget-heading .elementor-heading-title.elementor-size-xxl{font-size:59px}<\/style><h2 class=\"elementor-heading-title elementor-size-default\">Made in Germany<\/h2>\t\t<\/div>\n\t\t\t\t<\/div>\n\t\t\t\t\t<\/div>\n\t\t\t\t<\/div>\n\t\t\t\t<\/div>","protected":false},"excerpt":{"rendered":"<p>Made in Germany<\/p>","protected":false},"author":1,"featured_media":68,"parent":0,"menu_order":0,"comment_status":"closed","ping_status":"closed","template":"elementor_header_footer","meta":{"footnotes":""},"class_list":["post-41","page","type-page","status-publish","has-post-thumbnail","hentry"],"yoast_head":"<!-- This site is optimized with the Yoast SEO plugin v24.7 - https:\/\/yoast.com\/wordpress\/plugins\/seo\/ -->\n<title>newcycle - Das Unternehmen f\u00fcr Nachhaltigkeit<\/title>\n<meta name=\"description\" content=\"Erfahren Sie mehr \u00fcber newcycle aus Sangerhausen und unseren Produkten im Bereich Mahlg\u00fcter, Carbon Fibers: C-BAR\u00ae uvm.\" \/>\n<meta name=\"robots\" content=\"index, follow, max-snippet:-1, max-image-preview:large, max-video-preview:-1\" \/>\n<link rel=\"canonical\" href=\"https:\/\/newcycle.de\/de\/\" \/>\n<meta property=\"og:locale\" content=\"de_DE\" \/>\n<meta property=\"og:type\" content=\"article\" \/>\n<meta property=\"og:title\" content=\"newcycle - Das Unternehmen f\u00fcr Nachhaltigkeit\" \/>\n<meta property=\"og:description\" content=\"Erfahren Sie mehr \u00fcber newcycle aus Sangerhausen und unseren Produkten im Bereich Mahlg\u00fcter, Carbon Fibers: C-BAR\u00ae uvm.\" \/>\n<meta property=\"og:url\" content=\"https:\/\/newcycle.de\/de\/\" \/>\n<meta property=\"og:site_name\" content=\"newcycle\" \/>\n<meta property=\"article:modified_time\" content=\"2025-03-28T10:23:19+00:00\" \/>\n<meta property=\"og:image\" content=\"https:\/\/newcycle.de\/wp-content\/uploads\/2024\/01\/Logo-newcycle-500px.webp\" \/>\n\t<meta property=\"og:image:width\" content=\"500\" \/>\n\t<meta property=\"og:image:height\" content=\"138\" \/>\n\t<meta property=\"og:image:type\" content=\"image\/webp\" \/>\n<meta name=\"twitter:card\" content=\"summary_large_image\" \/>\n<meta name=\"twitter:label1\" content=\"Gesch\u00e4tzte Lesezeit\" \/>\n\t<meta name=\"twitter:data1\" content=\"1\u00a0Minute\" \/>\n<script type=\"application\/ld+json\" class=\"yoast-schema-graph\">{\"@context\":\"https:\/\/schema.org\",\"@graph\":[{\"@type\":\"WebPage\",\"@id\":\"https:\/\/newcycle.de\/\",\"url\":\"https:\/\/newcycle.de\/\",\"name\":\"newcycle - Das Unternehmen f\u00fcr Nachhaltigkeit\",\"isPartOf\":{\"@id\":\"https:\/\/newcycle.de\/#website\"},\"primaryImageOfPage\":{\"@id\":\"https:\/\/newcycle.de\/#primaryimage\"},\"image\":{\"@id\":\"https:\/\/newcycle.de\/#primaryimage\"},\"thumbnailUrl\":\"https:\/\/newcycle.de\/wp-content\/uploads\/2024\/01\/Logo-newcycle-500px.webp\",\"datePublished\":\"2024-01-08T19:03:27+00:00\",\"dateModified\":\"2025-03-28T10:23:19+00:00\",\"description\":\"Erfahren Sie mehr \u00fcber newcycle aus Sangerhausen und unseren Produkten im Bereich Mahlg\u00fcter, Carbon Fibers: C-BAR\u00ae uvm.\",\"breadcrumb\":{\"@id\":\"https:\/\/newcycle.de\/#breadcrumb\"},\"inLanguage\":\"de\",\"potentialAction\":[{\"@type\":\"ReadAction\",\"target\":[\"https:\/\/newcycle.de\/\"]}]},{\"@type\":\"ImageObject\",\"inLanguage\":\"de\",\"@id\":\"https:\/\/newcycle.de\/#primaryimage\",\"url\":\"https:\/\/newcycle.de\/wp-content\/uploads\/2024\/01\/Logo-newcycle-500px.webp\",\"contentUrl\":\"https:\/\/newcycle.de\/wp-content\/uploads\/2024\/01\/Logo-newcycle-500px.webp\",\"width\":500,\"height\":138},{\"@type\":\"BreadcrumbList\",\"@id\":\"https:\/\/newcycle.de\/#breadcrumb\",\"itemListElement\":[{\"@type\":\"ListItem\",\"position\":1,\"name\":\"Startseite\",\"item\":\"https:\/\/newcycle.de\/\"},{\"@type\":\"ListItem\",\"position\":2,\"name\":\"Home\"}]},{\"@type\":\"WebSite\",\"@id\":\"https:\/\/newcycle.de\/#website\",\"url\":\"https:\/\/newcycle.de\/\",\"name\":\"newcycle\",\"description\":\"Kompetenz in der Verarbeitung von Kunststoffen und Lebensmittel-Zusatzstoffen.\",\"publisher\":{\"@id\":\"https:\/\/newcycle.de\/#organization\"},\"potentialAction\":[{\"@type\":\"SearchAction\",\"target\":{\"@type\":\"EntryPoint\",\"urlTemplate\":\"https:\/\/newcycle.de\/?s={search_term_string}\"},\"query-input\":{\"@type\":\"PropertyValueSpecification\",\"valueRequired\":true,\"valueName\":\"search_term_string\"}}],\"inLanguage\":\"de\"},{\"@type\":\"Organization\",\"@id\":\"https:\/\/newcycle.de\/#organization\",\"name\":\"newcycle\",\"url\":\"https:\/\/newcycle.de\/\",\"logo\":{\"@type\":\"ImageObject\",\"inLanguage\":\"de\",\"@id\":\"https:\/\/newcycle.de\/#\/schema\/logo\/image\/\",\"url\":\"https:\/\/newcycle.de\/wp-content\/uploads\/2024\/01\/Logo-newcycle-500px.webp\",\"contentUrl\":\"https:\/\/newcycle.de\/wp-content\/uploads\/2024\/01\/Logo-newcycle-500px.webp\",\"width\":500,\"height\":138,\"caption\":\"newcycle\"},\"image\":{\"@id\":\"https:\/\/newcycle.de\/#\/schema\/logo\/image\/\"}}]}<\/script>\n<!-- \/ Yoast SEO plugin. -->","yoast_head_json":{"title":"newcycle - Das Unternehmen f\u00fcr Nachhaltigkeit","description":"Erfahren Sie mehr \u00fcber newcycle aus Sangerhausen und unseren Produkten im Bereich Mahlg\u00fcter, Carbon Fibers: C-BAR\u00ae uvm.","robots":{"index":"index","follow":"follow","max-snippet":"max-snippet:-1","max-image-preview":"max-image-preview:large","max-video-preview":"max-video-preview:-1"},"canonical":"https:\/\/newcycle.de\/de\/","og_locale":"de_DE","og_type":"article","og_title":"newcycle - Das Unternehmen f\u00fcr Nachhaltigkeit","og_description":"Erfahren Sie mehr \u00fcber newcycle aus Sangerhausen und unseren Produkten im Bereich Mahlg\u00fcter, Carbon Fibers: C-BAR\u00ae uvm.","og_url":"https:\/\/newcycle.de\/de\/","og_site_name":"newcycle","article_modified_time":"2025-03-28T10:23:19+00:00","og_image":[{"width":500,"height":138,"url":"https:\/\/newcycle.de\/wp-content\/uploads\/2024\/01\/Logo-newcycle-500px.webp","type":"image\/webp"}],"twitter_card":"summary_large_image","twitter_misc":{"Gesch\u00e4tzte Lesezeit":"1\u00a0Minute"},"schema":{"@context":"https:\/\/schema.org","@graph":[{"@type":"WebPage","@id":"https:\/\/newcycle.de\/","url":"https:\/\/newcycle.de\/","name":"newcycle - Das Unternehmen f\u00fcr Nachhaltigkeit","isPartOf":{"@id":"https:\/\/newcycle.de\/#website"},"primaryImageOfPage":{"@id":"https:\/\/newcycle.de\/#primaryimage"},"image":{"@id":"https:\/\/newcycle.de\/#primaryimage"},"thumbnailUrl":"https:\/\/newcycle.de\/wp-content\/uploads\/2024\/01\/Logo-newcycle-500px.webp","datePublished":"2024-01-08T19:03:27+00:00","dateModified":"2025-03-28T10:23:19+00:00","description":"Erfahren Sie mehr \u00fcber newcycle aus Sangerhausen und unseren Produkten im Bereich Mahlg\u00fcter, Carbon Fibers: C-BAR\u00ae uvm.","breadcrumb":{"@id":"https:\/\/newcycle.de\/#breadcrumb"},"inLanguage":"de","potentialAction":[{"@type":"ReadAction","target":["https:\/\/newcycle.de\/"]}]},{"@type":"ImageObject","inLanguage":"de","@id":"https:\/\/newcycle.de\/#primaryimage","url":"https:\/\/newcycle.de\/wp-content\/uploads\/2024\/01\/Logo-newcycle-500px.webp","contentUrl":"https:\/\/newcycle.de\/wp-content\/uploads\/2024\/01\/Logo-newcycle-500px.webp","width":500,"height":138},{"@type":"BreadcrumbList","@id":"https:\/\/newcycle.de\/#breadcrumb","itemListElement":[{"@type":"ListItem","position":1,"name":"Startseite","item":"https:\/\/newcycle.de\/"},{"@type":"ListItem","position":2,"name":"Home"}]},{"@type":"WebSite","@id":"https:\/\/newcycle.de\/#website","url":"https:\/\/newcycle.de\/","name":"newcycle","description":"Kompetenz in der Verarbeitung von Kunststoffen und Lebensmittel-Zusatzstoffen.","publisher":{"@id":"https:\/\/newcycle.de\/#organization"},"potentialAction":[{"@type":"SearchAction","target":{"@type":"EntryPoint","urlTemplate":"https:\/\/newcycle.de\/?s={search_term_string}"},"query-input":{"@type":"PropertyValueSpecification","valueRequired":true,"valueName":"search_term_string"}}],"inLanguage":"de"},{"@type":"Organization","@id":"https:\/\/newcycle.de\/#organization","name":"newcycle","url":"https:\/\/newcycle.de\/","logo":{"@type":"ImageObject","inLanguage":"de","@id":"https:\/\/newcycle.de\/#\/schema\/logo\/image\/","url":"https:\/\/newcycle.de\/wp-content\/uploads\/2024\/01\/Logo-newcycle-500px.webp","contentUrl":"https:\/\/newcycle.de\/wp-content\/uploads\/2024\/01\/Logo-newcycle-500px.webp","width":500,"height":138,"caption":"newcycle"},"image":{"@id":"https:\/\/newcycle.de\/#\/schema\/logo\/image\/"}}]}},"_links":{"self":[{"href":"https:\/\/newcycle.de\/de\/wp-json\/wp\/v2\/pages\/41","targetHints":{"allow":["GET"]}}],"collection":[{"href":"https:\/\/newcycle.de\/de\/wp-json\/wp\/v2\/pages"}],"about":[{"href":"https:\/\/newcycle.de\/de\/wp-json\/wp\/v2\/types\/page"}],"author":[{"embeddable":true,"href":"https:\/\/newcycle.de\/de\/wp-json\/wp\/v2\/users\/1"}],"replies":[{"embeddable":true,"href":"https:\/\/newcycle.de\/de\/wp-json\/wp\/v2\/comments?post=41"}],"version-history":[{"count":55,"href":"https:\/\/newcycle.de\/de\/wp-json\/wp\/v2\/pages\/41\/revisions"}],"predecessor-version":[{"id":1186,"href":"https:\/\/newcycle.de\/de\/wp-json\/wp\/v2\/pages\/41\/revisions\/1186"}],"wp:featuredmedia":[{"embeddable":true,"href":"https:\/\/newcycle.de\/de\/wp-json\/wp\/v2\/media\/68"}],"wp:attachment":[{"href":"https:\/\/newcycle.de\/de\/wp-json\/wp\/v2\/media?parent=41"}],"curies":[{"name":"wp","href":"https:\/\/api.w.org\/{rel}","templated":true}]}}