{"id":47,"date":"2024-01-08T20:05:41","date_gmt":"2024-01-08T19:05:41","guid":{"rendered":"https:\/\/dev.newcycle.de\/?page_id=47"},"modified":"2025-03-31T11:25:08","modified_gmt":"2025-03-31T09:25:08","slug":"ueber-uns","status":"publish","type":"page","link":"https:\/\/newcycle.de\/de\/ueber-uns\/","title":{"rendered":"\u00dcber Uns"},"content":{"rendered":"<div data-elementor-type=\"wp-page\" data-elementor-id=\"47\" class=\"elementor elementor-47\" data-elementor-post-type=\"page\">\n\t\t\t\t<div class=\"elementor-element elementor-element-14fc7b9 e-flex e-con-boxed e-con e-parent\" data-id=\"14fc7b9\" data-element_type=\"container\" data-settings=\"{&quot;content_width&quot;:&quot;boxed&quot;}\" data-core-v316-plus=\"true\">\n\t\t\t\t\t<div class=\"e-con-inner\">\n\t\t\t\t<div class=\"elementor-element elementor-element-8b14c29 de_scroll_animation_no elementor-widget elementor-widget-heading\" data-id=\"8b14c29\" data-element_type=\"widget\" data-widget_type=\"heading.default\">\n\t\t\t\t<div class=\"elementor-widget-container\">\n\t\t\t<style>\/*! elementor - v3.19.0 - 28-02-2024 *\/\n.elementor-heading-title{padding:0;margin:0;line-height:1}.elementor-widget-heading .elementor-heading-title[class*=elementor-size-]>a{color:inherit;font-size:inherit;line-height:inherit}.elementor-widget-heading .elementor-heading-title.elementor-size-small{font-size:15px}.elementor-widget-heading .elementor-heading-title.elementor-size-medium{font-size:19px}.elementor-widget-heading .elementor-heading-title.elementor-size-large{font-size:29px}.elementor-widget-heading .elementor-heading-title.elementor-size-xl{font-size:39px}.elementor-widget-heading .elementor-heading-title.elementor-size-xxl{font-size:59px}<\/style><h2 class=\"elementor-heading-title elementor-size-default\">\u00dcber uns<\/h2>\t\t<\/div>\n\t\t\t\t<\/div>\n\t\t\t\t\t<\/div>\n\t\t\t\t<\/div>\n\t\t<div class=\"elementor-element elementor-element-bf07ebc e-flex e-con-boxed e-con e-parent\" data-id=\"bf07ebc\" data-element_type=\"container\" data-settings=\"{&quot;content_width&quot;:&quot;boxed&quot;}\" data-core-v316-plus=\"true\">\n\t\t\t\t\t<div class=\"e-con-inner\">\n\t\t<div class=\"elementor-element elementor-element-28e9a51 e-con-full e-flex e-con e-child\" data-id=\"28e9a51\" data-element_type=\"container\" data-settings=\"{&quot;content_width&quot;:&quot;full&quot;}\">\n\t\t\t\t<div class=\"elementor-element elementor-element-56c7304 de_scroll_animation_no elementor-widget elementor-widget-image\" data-id=\"56c7304\" data-element_type=\"widget\" data-widget_type=\"image.default\">\n\t\t\t\t<div class=\"elementor-widget-container\">\n\t\t\t<style>\/*! elementor - v3.19.0 - 28-02-2024 *\/\n.elementor-widget-image{text-align:center}.elementor-widget-image a{display:inline-block}.elementor-widget-image a img[src$=\".svg\"]{width:48px}.elementor-widget-image img{vertical-align:middle;display:inline-block}<\/style>\t\t\t\t\t\t\t\t\t\t<img fetchpriority=\"high\" decoding=\"async\" width=\"800\" height=\"533\" src=\"https:\/\/newcycle.de\/wp-content\/uploads\/2024\/01\/Julie-Landgraf-Christoph-Osterroth-1024x682.webp\" class=\"attachment-large size-large wp-image-228\" alt=\"\" srcset=\"https:\/\/newcycle.de\/wp-content\/uploads\/2024\/01\/Julie-Landgraf-Christoph-Osterroth-1024x682.webp 1024w, https:\/\/newcycle.de\/wp-content\/uploads\/2024\/01\/Julie-Landgraf-Christoph-Osterroth-300x200.webp 300w, https:\/\/newcycle.de\/wp-content\/uploads\/2024\/01\/Julie-Landgraf-Christoph-Osterroth-768x512.webp 768w, https:\/\/newcycle.de\/wp-content\/uploads\/2024\/01\/Julie-Landgraf-Christoph-Osterroth-1536x1024.webp 1536w, https:\/\/newcycle.de\/wp-content\/uploads\/2024\/01\/Julie-Landgraf-Christoph-Osterroth.webp 2000w\" sizes=\"(max-width: 800px) 100vw, 800px\" \/>\t\t\t\t\t\t\t\t\t\t\t\t\t<\/div>\n\t\t\t\t<\/div>\n\t\t\t\t<\/div>\n\t\t<div class=\"elementor-element elementor-element-30fe07b e-flex e-con-boxed e-con e-child\" data-id=\"30fe07b\" data-element_type=\"container\" data-settings=\"{&quot;background_background&quot;:&quot;classic&quot;,&quot;content_width&quot;:&quot;boxed&quot;}\">\n\t\t\t\t\t<div class=\"e-con-inner\">\n\t\t\t\t<div class=\"elementor-element elementor-element-684135e de_scroll_animation_no elementor-widget elementor-widget-heading\" data-id=\"684135e\" data-element_type=\"widget\" data-widget_type=\"heading.default\">\n\t\t\t\t<div class=\"elementor-widget-container\">\n\t\t\t<h2 class=\"elementor-heading-title elementor-size-default\">newcycle GmbH<\/h2>\t\t<\/div>\n\t\t\t\t<\/div>\n\t\t\t\t<div class=\"elementor-element elementor-element-ac406f8 de_scroll_animation_no elementor-widget elementor-widget-text-editor\" data-id=\"ac406f8\" data-element_type=\"widget\" data-widget_type=\"text-editor.default\">\n\t\t\t\t<div class=\"elementor-widget-container\">\n\t\t\t<style>\/*! elementor - v3.19.0 - 28-02-2024 *\/\n.elementor-widget-text-editor.elementor-drop-cap-view-stacked .elementor-drop-cap{background-color:#69727d;color:#fff}.elementor-widget-text-editor.elementor-drop-cap-view-framed .elementor-drop-cap{color:#69727d;border:3px solid;background-color:transparent}.elementor-widget-text-editor:not(.elementor-drop-cap-view-default) .elementor-drop-cap{margin-top:8px}.elementor-widget-text-editor:not(.elementor-drop-cap-view-default) .elementor-drop-cap-letter{width:1em;height:1em}.elementor-widget-text-editor .elementor-drop-cap{float:left;text-align:center;line-height:1;font-size:50px}.elementor-widget-text-editor .elementor-drop-cap-letter{display:inline-block}<\/style>\t\t\t\t<p>Mittelst\u00e4ndisches Familienunternehmen<br>Christoph Osterroth (Gr\u00fcnder und Gesch\u00e4ftsf\u00fchrer)&nbsp;<br>Julie Landgraf (N\u00e4chste Generation und zuk\u00fcnftige Gesch\u00e4ftsf\u00fchrerin)&nbsp;<br>Produktionsfl\u00e4che 12.000 m\u00b2<\/p>\t\t\t\t\t\t<\/div>\n\t\t\t\t<\/div>\n\t\t\t\t<div class=\"elementor-element elementor-element-72599a3 de_scroll_animation_no elementor-widget elementor-widget-heading\" data-id=\"72599a3\" data-element_type=\"widget\" data-widget_type=\"heading.default\">\n\t\t\t\t<div class=\"elementor-widget-container\">\n\t\t\t<h2 class=\"elementor-heading-title elementor-size-default\">Profil<\/h2>\t\t<\/div>\n\t\t\t\t<\/div>\n\t\t\t\t<div class=\"elementor-element elementor-element-dabcc20 de_scroll_animation_no elementor-widget elementor-widget-text-editor\" data-id=\"dabcc20\" data-element_type=\"widget\" data-widget_type=\"text-editor.default\">\n\t\t\t\t<div class=\"elementor-widget-container\">\n\t\t\t\t\t\t\tGr\u00fcndung: 1995<br>\nMitarbeiter: 35\t\t\t\t\t\t<\/div>\n\t\t\t\t<\/div>\n\t\t\t\t<div class=\"elementor-element elementor-element-813aae8 de_scroll_animation_no elementor-widget elementor-widget-image\" data-id=\"813aae8\" data-element_type=\"widget\" data-widget_type=\"image.default\">\n\t\t\t\t<div class=\"elementor-widget-container\">\n\t\t\t\t\t\t\t\t\t\t\t\t\t<img decoding=\"async\" width=\"2143\" height=\"1044\" src=\"https:\/\/newcycle.de\/wp-content\/uploads\/2024\/01\/OEKOZERT-500px.webp\" class=\"attachment-full size-full wp-image-229\" alt=\"\" srcset=\"https:\/\/newcycle.de\/wp-content\/uploads\/2024\/01\/OEKOZERT-500px.webp 2143w, https:\/\/newcycle.de\/wp-content\/uploads\/2024\/01\/OEKOZERT-500px-300x146.webp 300w, https:\/\/newcycle.de\/wp-content\/uploads\/2024\/01\/OEKOZERT-500px-1024x499.webp 1024w, https:\/\/newcycle.de\/wp-content\/uploads\/2024\/01\/OEKOZERT-500px-768x374.webp 768w, https:\/\/newcycle.de\/wp-content\/uploads\/2024\/01\/OEKOZERT-500px-1536x748.webp 1536w, https:\/\/newcycle.de\/wp-content\/uploads\/2024\/01\/OEKOZERT-500px-2048x998.webp 2048w\" sizes=\"(max-width: 2143px) 100vw, 2143px\" \/>\t\t\t\t\t\t\t\t\t\t\t\t\t<\/div>\n\t\t\t\t<\/div>\n\t\t\t\t\t<\/div>\n\t\t\t\t<\/div>\n\t\t\t\t\t<\/div>\n\t\t\t\t<\/div>\n\t\t<div class=\"elementor-element elementor-element-0395424 e-flex e-con-boxed e-con e-parent\" data-id=\"0395424\" data-element_type=\"container\" id=\"nachhaltig\" data-settings=\"{&quot;content_width&quot;:&quot;boxed&quot;}\" data-core-v316-plus=\"true\">\n\t\t\t\t\t<div class=\"e-con-inner\">\n\t\t<div class=\"elementor-element elementor-element-eb3d6fb e-flex e-con-boxed e-con e-child\" data-id=\"eb3d6fb\" data-element_type=\"container\" data-settings=\"{&quot;content_width&quot;:&quot;boxed&quot;}\">\n\t\t\t\t\t<div class=\"e-con-inner\">\n\t\t<div class=\"elementor-element elementor-element-7f582f4 e-con-full e-flex e-con e-child\" data-id=\"7f582f4\" data-element_type=\"container\" data-settings=\"{&quot;content_width&quot;:&quot;full&quot;}\">\n\t\t\t\t<div class=\"elementor-element elementor-element-2170236 de_scroll_animation_no elementor-widget elementor-widget-image\" data-id=\"2170236\" data-element_type=\"widget\" data-widget_type=\"image.default\">\n\t\t\t\t<div class=\"elementor-widget-container\">\n\t\t\t\t\t\t\t\t\t\t\t\t\t<img decoding=\"async\" width=\"1500\" height=\"1000\" src=\"https:\/\/newcycle.de\/wp-content\/uploads\/2024\/01\/newcycle_Qualittaetskontrolle-Rieselprobe-1.jpg\" class=\"attachment-full size-full wp-image-414\" alt=\"\" srcset=\"https:\/\/newcycle.de\/wp-content\/uploads\/2024\/01\/newcycle_Qualittaetskontrolle-Rieselprobe-1.jpg 1500w, https:\/\/newcycle.de\/wp-content\/uploads\/2024\/01\/newcycle_Qualittaetskontrolle-Rieselprobe-1-300x200.jpg 300w, https:\/\/newcycle.de\/wp-content\/uploads\/2024\/01\/newcycle_Qualittaetskontrolle-Rieselprobe-1-1024x683.jpg 1024w, https:\/\/newcycle.de\/wp-content\/uploads\/2024\/01\/newcycle_Qualittaetskontrolle-Rieselprobe-1-768x512.jpg 768w\" sizes=\"(max-width: 1500px) 100vw, 1500px\" \/>\t\t\t\t\t\t\t\t\t\t\t\t\t<\/div>\n\t\t\t\t<\/div>\n\t\t\t\t<\/div>\n\t\t<div class=\"elementor-element elementor-element-dfba110 e-flex e-con-boxed e-con e-child\" data-id=\"dfba110\" data-element_type=\"container\" data-settings=\"{&quot;background_background&quot;:&quot;classic&quot;,&quot;content_width&quot;:&quot;boxed&quot;}\">\n\t\t\t\t\t<div class=\"e-con-inner\">\n\t\t\t\t<div class=\"elementor-element elementor-element-c9d0da6 de_scroll_animation_no elementor-widget elementor-widget-heading\" data-id=\"c9d0da6\" data-element_type=\"widget\" data-widget_type=\"heading.default\">\n\t\t\t\t<div class=\"elementor-widget-container\">\n\t\t\t<h2 class=\"elementor-heading-title elementor-size-default\">Klimapostives Unternehmen<\/h2>\t\t<\/div>\n\t\t\t\t<\/div>\n\t\t\t\t<div class=\"elementor-element elementor-element-72a424c de_scroll_animation_no elementor-widget elementor-widget-text-editor\" data-id=\"72a424c\" data-element_type=\"widget\" data-widget_type=\"text-editor.default\">\n\t\t\t\t<div class=\"elementor-widget-container\">\n\t\t\t\t\t\t\tAls energieintensiver Produktionsbetrieb haben wir unser Ziel erreicht und sind klimapositiv. Unser Unternehmen hat eine negative Menge an Kohlenstoffemissionen und wirkt sich positiv auf das Klima aus.\t\t\t\t\t\t<\/div>\n\t\t\t\t<\/div>\n\t\t\t\t\t<\/div>\n\t\t\t\t<\/div>\n\t\t\t\t\t<\/div>\n\t\t\t\t<\/div>\n\t\t\t\t\t<\/div>\n\t\t\t\t<\/div>\n\t\t<div class=\"elementor-element elementor-element-2a7c2a0 e-flex e-con-boxed e-con e-parent\" data-id=\"2a7c2a0\" data-element_type=\"container\" data-settings=\"{&quot;content_width&quot;:&quot;boxed&quot;}\" data-core-v316-plus=\"true\">\n\t\t\t\t\t<div class=\"e-con-inner\">\n\t\t\t\t<div class=\"elementor-element elementor-element-9fd6390 de_scroll_animation_no elementor-widget elementor-widget-image\" data-id=\"9fd6390\" data-element_type=\"widget\" data-widget_type=\"image.default\">\n\t\t\t\t<div class=\"elementor-widget-container\">\n\t\t\t\t\t\t\t\t\t\t\t\t\t<img loading=\"lazy\" decoding=\"async\" width=\"501\" height=\"9\" src=\"https:\/\/newcycle.de\/wp-content\/uploads\/2024\/01\/made_in_germany2.webp\" class=\"attachment-large size-large wp-image-423\" alt=\"\" srcset=\"https:\/\/newcycle.de\/wp-content\/uploads\/2024\/01\/made_in_germany2.webp 501w, https:\/\/newcycle.de\/wp-content\/uploads\/2024\/01\/made_in_germany2-300x5.webp 300w\" sizes=\"(max-width: 501px) 100vw, 501px\" \/>\t\t\t\t\t\t\t\t\t\t\t\t\t<\/div>\n\t\t\t\t<\/div>\n\t\t\t\t<div class=\"elementor-element elementor-element-b03eda0 de_scroll_animation_no elementor-widget elementor-widget-heading\" data-id=\"b03eda0\" data-element_type=\"widget\" data-widget_type=\"heading.default\">\n\t\t\t\t<div class=\"elementor-widget-container\">\n\t\t\t<h2 class=\"elementor-heading-title elementor-size-default\">Made in Germany<\/h2>\t\t<\/div>\n\t\t\t\t<\/div>\n\t\t\t\t\t<\/div>\n\t\t\t\t<\/div>\n\t\t\t\t<\/div>","protected":false},"excerpt":{"rendered":"<p>Our Story newcycle GmbH Family-owned SMEChristoph Osterroth (Founder and CEO)&nbsp;Julie Landgraf (Next generation and future CEO)&nbsp;Production area 12,000 m\u00b2 Profile Founded: 1995 Employees: 35 Climate-positive company As an energy-intensive production company, we have achieved our goal and are climate-positive. Our company has a negative amount of carbon emissions and has a positive impact on the [&hellip;]<\/p>","protected":false},"author":1,"featured_media":0,"parent":0,"menu_order":0,"comment_status":"closed","ping_status":"closed","template":"elementor_header_footer","meta":{"footnotes":""},"class_list":["post-47","page","type-page","status-publish","hentry"],"yoast_head":"<!-- This site is optimized with the Yoast SEO plugin v24.7 - https:\/\/yoast.com\/wordpress\/plugins\/seo\/ -->\n<title>\u00dcber Uns - newcycle<\/title>\n<meta name=\"robots\" content=\"index, follow, max-snippet:-1, max-image-preview:large, max-video-preview:-1\" \/>\n<link rel=\"canonical\" href=\"https:\/\/newcycle.de\/de\/ueber-uns\/\" \/>\n<meta property=\"og:locale\" content=\"de_DE\" \/>\n<meta property=\"og:type\" content=\"article\" \/>\n<meta property=\"og:title\" content=\"\u00dcber Uns - newcycle\" \/>\n<meta property=\"og:description\" content=\"Our Story newcycle GmbH Family-owned SMEChristoph Osterroth (Founder and CEO)&nbsp;Julie Landgraf (Next generation and future CEO)&nbsp;Production area 12,000 m\u00b2 Profile Founded: 1995 Employees: 35 Climate-positive company As an energy-intensive production company, we have achieved our goal and are climate-positive. Our company has a negative amount of carbon emissions and has a positive impact on the [&hellip;]\" \/>\n<meta property=\"og:url\" content=\"https:\/\/newcycle.de\/de\/ueber-uns\/\" \/>\n<meta property=\"og:site_name\" content=\"newcycle\" \/>\n<meta property=\"article:modified_time\" content=\"2025-03-31T09:25:08+00:00\" \/>\n<meta property=\"og:image\" content=\"https:\/\/newcycle.de\/wp-content\/uploads\/2024\/01\/Julie-Landgraf-Christoph-Osterroth.webp\" \/>\n\t<meta property=\"og:image:width\" content=\"2000\" \/>\n\t<meta property=\"og:image:height\" content=\"1333\" \/>\n\t<meta property=\"og:image:type\" content=\"image\/webp\" \/>\n<meta name=\"twitter:card\" content=\"summary_large_image\" \/>\n<meta name=\"twitter:label1\" content=\"Gesch\u00e4tzte Lesezeit\" \/>\n\t<meta name=\"twitter:data1\" content=\"2\u00a0Minuten\" \/>\n<script type=\"application\/ld+json\" class=\"yoast-schema-graph\">{\"@context\":\"https:\/\/schema.org\",\"@graph\":[{\"@type\":\"WebPage\",\"@id\":\"https:\/\/newcycle.de\/ueber-uns\/\",\"url\":\"https:\/\/newcycle.de\/ueber-uns\/\",\"name\":\"\u00dcber Uns - newcycle\",\"isPartOf\":{\"@id\":\"https:\/\/newcycle.de\/#website\"},\"primaryImageOfPage\":{\"@id\":\"https:\/\/newcycle.de\/ueber-uns\/#primaryimage\"},\"image\":{\"@id\":\"https:\/\/newcycle.de\/ueber-uns\/#primaryimage\"},\"thumbnailUrl\":\"https:\/\/newcycle.de\/wp-content\/uploads\/2024\/01\/Julie-Landgraf-Christoph-Osterroth-1024x682.webp\",\"datePublished\":\"2024-01-08T19:05:41+00:00\",\"dateModified\":\"2025-03-31T09:25:08+00:00\",\"breadcrumb\":{\"@id\":\"https:\/\/newcycle.de\/ueber-uns\/#breadcrumb\"},\"inLanguage\":\"de\",\"potentialAction\":[{\"@type\":\"ReadAction\",\"target\":[\"https:\/\/newcycle.de\/ueber-uns\/\"]}]},{\"@type\":\"ImageObject\",\"inLanguage\":\"de\",\"@id\":\"https:\/\/newcycle.de\/ueber-uns\/#primaryimage\",\"url\":\"https:\/\/newcycle.de\/wp-content\/uploads\/2024\/01\/Julie-Landgraf-Christoph-Osterroth-1024x682.webp\",\"contentUrl\":\"https:\/\/newcycle.de\/wp-content\/uploads\/2024\/01\/Julie-Landgraf-Christoph-Osterroth-1024x682.webp\"},{\"@type\":\"BreadcrumbList\",\"@id\":\"https:\/\/newcycle.de\/ueber-uns\/#breadcrumb\",\"itemListElement\":[{\"@type\":\"ListItem\",\"position\":1,\"name\":\"Startseite\",\"item\":\"https:\/\/newcycle.de\/\"},{\"@type\":\"ListItem\",\"position\":2,\"name\":\"\u00dcber Uns\"}]},{\"@type\":\"WebSite\",\"@id\":\"https:\/\/newcycle.de\/#website\",\"url\":\"https:\/\/newcycle.de\/\",\"name\":\"newcycle\",\"description\":\"Kompetenz in der Verarbeitung von Kunststoffen und Lebensmittel-Zusatzstoffen.\",\"publisher\":{\"@id\":\"https:\/\/newcycle.de\/#organization\"},\"potentialAction\":[{\"@type\":\"SearchAction\",\"target\":{\"@type\":\"EntryPoint\",\"urlTemplate\":\"https:\/\/newcycle.de\/?s={search_term_string}\"},\"query-input\":{\"@type\":\"PropertyValueSpecification\",\"valueRequired\":true,\"valueName\":\"search_term_string\"}}],\"inLanguage\":\"de\"},{\"@type\":\"Organization\",\"@id\":\"https:\/\/newcycle.de\/#organization\",\"name\":\"newcycle\",\"url\":\"https:\/\/newcycle.de\/\",\"logo\":{\"@type\":\"ImageObject\",\"inLanguage\":\"de\",\"@id\":\"https:\/\/newcycle.de\/#\/schema\/logo\/image\/\",\"url\":\"https:\/\/newcycle.de\/wp-content\/uploads\/2024\/01\/Logo-newcycle-500px.webp\",\"contentUrl\":\"https:\/\/newcycle.de\/wp-content\/uploads\/2024\/01\/Logo-newcycle-500px.webp\",\"width\":500,\"height\":138,\"caption\":\"newcycle\"},\"image\":{\"@id\":\"https:\/\/newcycle.de\/#\/schema\/logo\/image\/\"}}]}<\/script>\n<!-- \/ Yoast SEO plugin. -->","yoast_head_json":{"title":"\u00dcber Uns - newcycle","robots":{"index":"index","follow":"follow","max-snippet":"max-snippet:-1","max-image-preview":"max-image-preview:large","max-video-preview":"max-video-preview:-1"},"canonical":"https:\/\/newcycle.de\/de\/ueber-uns\/","og_locale":"de_DE","og_type":"article","og_title":"\u00dcber Uns - newcycle","og_description":"Our Story newcycle GmbH Family-owned SMEChristoph Osterroth (Founder and CEO)&nbsp;Julie Landgraf (Next generation and future CEO)&nbsp;Production area 12,000 m\u00b2 Profile Founded: 1995 Employees: 35 Climate-positive company As an energy-intensive production company, we have achieved our goal and are climate-positive. Our company has a negative amount of carbon emissions and has a positive impact on the [&hellip;]","og_url":"https:\/\/newcycle.de\/de\/ueber-uns\/","og_site_name":"newcycle","article_modified_time":"2025-03-31T09:25:08+00:00","og_image":[{"width":2000,"height":1333,"url":"https:\/\/newcycle.de\/wp-content\/uploads\/2024\/01\/Julie-Landgraf-Christoph-Osterroth.webp","type":"image\/webp"}],"twitter_card":"summary_large_image","twitter_misc":{"Gesch\u00e4tzte Lesezeit":"2\u00a0Minuten"},"schema":{"@context":"https:\/\/schema.org","@graph":[{"@type":"WebPage","@id":"https:\/\/newcycle.de\/ueber-uns\/","url":"https:\/\/newcycle.de\/ueber-uns\/","name":"\u00dcber Uns - newcycle","isPartOf":{"@id":"https:\/\/newcycle.de\/#website"},"primaryImageOfPage":{"@id":"https:\/\/newcycle.de\/ueber-uns\/#primaryimage"},"image":{"@id":"https:\/\/newcycle.de\/ueber-uns\/#primaryimage"},"thumbnailUrl":"https:\/\/newcycle.de\/wp-content\/uploads\/2024\/01\/Julie-Landgraf-Christoph-Osterroth-1024x682.webp","datePublished":"2024-01-08T19:05:41+00:00","dateModified":"2025-03-31T09:25:08+00:00","breadcrumb":{"@id":"https:\/\/newcycle.de\/ueber-uns\/#breadcrumb"},"inLanguage":"de","potentialAction":[{"@type":"ReadAction","target":["https:\/\/newcycle.de\/ueber-uns\/"]}]},{"@type":"ImageObject","inLanguage":"de","@id":"https:\/\/newcycle.de\/ueber-uns\/#primaryimage","url":"https:\/\/newcycle.de\/wp-content\/uploads\/2024\/01\/Julie-Landgraf-Christoph-Osterroth-1024x682.webp","contentUrl":"https:\/\/newcycle.de\/wp-content\/uploads\/2024\/01\/Julie-Landgraf-Christoph-Osterroth-1024x682.webp"},{"@type":"BreadcrumbList","@id":"https:\/\/newcycle.de\/ueber-uns\/#breadcrumb","itemListElement":[{"@type":"ListItem","position":1,"name":"Startseite","item":"https:\/\/newcycle.de\/"},{"@type":"ListItem","position":2,"name":"\u00dcber Uns"}]},{"@type":"WebSite","@id":"https:\/\/newcycle.de\/#website","url":"https:\/\/newcycle.de\/","name":"newcycle","description":"Kompetenz in der Verarbeitung von Kunststoffen und Lebensmittel-Zusatzstoffen.","publisher":{"@id":"https:\/\/newcycle.de\/#organization"},"potentialAction":[{"@type":"SearchAction","target":{"@type":"EntryPoint","urlTemplate":"https:\/\/newcycle.de\/?s={search_term_string}"},"query-input":{"@type":"PropertyValueSpecification","valueRequired":true,"valueName":"search_term_string"}}],"inLanguage":"de"},{"@type":"Organization","@id":"https:\/\/newcycle.de\/#organization","name":"newcycle","url":"https:\/\/newcycle.de\/","logo":{"@type":"ImageObject","inLanguage":"de","@id":"https:\/\/newcycle.de\/#\/schema\/logo\/image\/","url":"https:\/\/newcycle.de\/wp-content\/uploads\/2024\/01\/Logo-newcycle-500px.webp","contentUrl":"https:\/\/newcycle.de\/wp-content\/uploads\/2024\/01\/Logo-newcycle-500px.webp","width":500,"height":138,"caption":"newcycle"},"image":{"@id":"https:\/\/newcycle.de\/#\/schema\/logo\/image\/"}}]}},"_links":{"self":[{"href":"https:\/\/newcycle.de\/de\/wp-json\/wp\/v2\/pages\/47","targetHints":{"allow":["GET"]}}],"collection":[{"href":"https:\/\/newcycle.de\/de\/wp-json\/wp\/v2\/pages"}],"about":[{"href":"https:\/\/newcycle.de\/de\/wp-json\/wp\/v2\/types\/page"}],"author":[{"embeddable":true,"href":"https:\/\/newcycle.de\/de\/wp-json\/wp\/v2\/users\/1"}],"replies":[{"embeddable":true,"href":"https:\/\/newcycle.de\/de\/wp-json\/wp\/v2\/comments?post=47"}],"version-history":[{"count":95,"href":"https:\/\/newcycle.de\/de\/wp-json\/wp\/v2\/pages\/47\/revisions"}],"predecessor-version":[{"id":1227,"href":"https:\/\/newcycle.de\/de\/wp-json\/wp\/v2\/pages\/47\/revisions\/1227"}],"wp:attachment":[{"href":"https:\/\/newcycle.de\/de\/wp-json\/wp\/v2\/media?parent=47"}],"curies":[{"name":"wp","href":"https:\/\/api.w.org\/{rel}","templated":true}]}}